{"id":5,"date":"2020-10-02T06:30:31","date_gmt":"2020-10-02T09:30:31","guid":{"rendered":"https:\/\/paulastal.com.br\/?page_id=5"},"modified":"2020-10-08T13:59:59","modified_gmt":"2020-10-08T16:59:59","slug":"paula-stal","status":"publish","type":"page","link":"https:\/\/paulastal.com.br\/","title":{"rendered":"Paula Stal"},"content":{"rendered":"\t\t<div data-elementor-type=\"wp-page\" data-elementor-id=\"5\" class=\"elementor elementor-5\">\n\t\t\t\t\t\t<section class=\"elementor-section elementor-top-section elementor-element elementor-element-6dde1eaa elementor-section-height-min-height elementor-hidden-phone elementor-section-boxed elementor-section-height-default elementor-section-items-middle\" data-id=\"6dde1eaa\" data-element_type=\"section\" data-e-type=\"section\" data-settings=\"{&quot;background_background&quot;:&quot;classic&quot;}\">\n\t\t\t\t\t\t<div class=\"elementor-container elementor-column-gap-no\">\n\t\t\t\t\t<div class=\"elementor-column elementor-col-100 elementor-top-column elementor-element elementor-element-7ed9e185\" data-id=\"7ed9e185\" data-element_type=\"column\" data-e-type=\"column\">\n\t\t\t<div class=\"elementor-widget-wrap\">\n\t\t\t\t\t\t\t<\/div>\n\t\t<\/div>\n\t\t\t\t\t<\/div>\n\t\t<\/section>\n\t\t\t\t<section class=\"elementor-section elementor-top-section elementor-element elementor-element-63743a11 elementor-section-boxed elementor-section-height-default elementor-section-height-default\" data-id=\"63743a11\" data-element_type=\"section\" data-e-type=\"section\">\n\t\t\t\t\t\t<div class=\"elementor-container elementor-column-gap-no\">\n\t\t\t\t\t<div class=\"elementor-column elementor-col-100 elementor-top-column elementor-element elementor-element-2c95c9aa\" data-id=\"2c95c9aa\" data-element_type=\"column\" data-e-type=\"column\">\n\t\t\t<div class=\"elementor-widget-wrap elementor-element-populated\">\n\t\t\t\t\t\t<div class=\"elementor-element elementor-element-47b547fd elementor-hidden-desktop elementor-hidden-tablet elementor-widget elementor-widget-image\" data-id=\"47b547fd\" data-element_type=\"widget\" data-e-type=\"widget\" data-widget_type=\"image.default\">\n\t\t\t\t<div class=\"elementor-widget-container\">\n\t\t\t\t\t\t\t\t\t\t\t\t\t\t\t<img fetchpriority=\"high\" decoding=\"async\" width=\"580\" height=\"217\" src=\"https:\/\/paulastal.com.br\/wp-content\/uploads\/2020\/10\/Site-Paula-Stal_01.jpg\" class=\"attachment-large size-large wp-image-9\" alt=\"\" srcset=\"https:\/\/paulastal.com.br\/wp-content\/uploads\/2020\/10\/Site-Paula-Stal_01.jpg 1024w, https:\/\/paulastal.com.br\/wp-content\/uploads\/2020\/10\/Site-Paula-Stal_01-300x112.jpg 300w, https:\/\/paulastal.com.br\/wp-content\/uploads\/2020\/10\/Site-Paula-Stal_01-768x287.jpg 768w\" sizes=\"(max-width: 580px) 100vw, 580px\" \/>\t\t\t\t\t\t\t\t\t\t\t\t\t\t\t<\/div>\n\t\t\t\t<\/div>\n\t\t\t\t\t<\/div>\n\t\t<\/div>\n\t\t\t\t\t<\/div>\n\t\t<\/section>\n\t\t\t\t<section class=\"elementor-section elementor-top-section elementor-element elementor-element-35dff9c4 elementor-section-boxed elementor-section-height-default elementor-section-height-default\" data-id=\"35dff9c4\" data-element_type=\"section\" data-e-type=\"section\" data-settings=\"{&quot;background_background&quot;:&quot;classic&quot;}\">\n\t\t\t\t\t\t<div class=\"elementor-container elementor-column-gap-no\">\n\t\t\t\t\t<div class=\"elementor-column elementor-col-100 elementor-top-column elementor-element elementor-element-64bbb92c\" data-id=\"64bbb92c\" data-element_type=\"column\" data-e-type=\"column\" data-settings=\"{&quot;background_background&quot;:&quot;classic&quot;}\">\n\t\t\t<div class=\"elementor-widget-wrap elementor-element-populated\">\n\t\t\t\t\t\t<div class=\"elementor-element elementor-element-527b35d2 elementor-widget elementor-widget-text-editor\" data-id=\"527b35d2\" data-element_type=\"widget\" data-e-type=\"widget\" data-widget_type=\"text-editor.default\">\n\t\t\t\t<div class=\"elementor-widget-container\">\n\t\t\t\t\t\t\t\t\t<p>Ol\u00e1! Sou Paula Stal, psic\u00f3loga, p\u00f3s-graduada em Neurologia pela Faculdade de Medicina da USP. Trabalho com a integra\u00e7\u00e3o da mente e do corpo porque acredito que muitas doen\u00e7as t\u00eam origem nas emo\u00e7\u00f5es e \u00e9 comum suas consequ\u00eancias aparecerem atrav\u00e9s de desequil\u00edbrios fisiol\u00f3gicos. Concordo com os princ\u00edpios da Medicina Homeop\u00e1tica que dizem que \u201cter sa\u00fade \u00e9 ter for\u00e7a para superar os sintomas e, na medida do poss\u00edvel, para transformar as doen\u00e7as em experi\u00eancia e aprendizado\u201d. Tenho especialidade em Rolfing, uma t\u00e9cnica de alinhamento postural, e em Antroposofia, um caminho de desenvolvimento humano. O alinhamento postural ajuda a estar no eixo, para que o movimento seja livre e leve, firme e flex\u00edvel, o que vai favorecer o equil\u00edbrio mental, fisiol\u00f3gico e a sensa\u00e7\u00e3o de bem estar geral. Do ponto de vista da Antroposofia, o eixo, o alinhamento, o equil\u00edbrio e, portanto, a sa\u00fade s\u00e3o atribu\u00eddos \u00e0 coer\u00eancia entre o que sentimos, pensamos e fazemos, al\u00e9m da harmonia do fluxo de energia que nos nutre de vitalidade.<\/p>\t\t\t\t\t\t\t\t<\/div>\n\t\t\t\t<\/div>\n\t\t\t\t\t<\/div>\n\t\t<\/div>\n\t\t\t\t\t<\/div>\n\t\t<\/section>\n\t\t\t\t<section class=\"elementor-section elementor-top-section elementor-element elementor-element-53ac1d46 elementor-section-boxed elementor-section-height-default elementor-section-height-default\" data-id=\"53ac1d46\" data-element_type=\"section\" data-e-type=\"section\" data-settings=\"{&quot;background_background&quot;:&quot;classic&quot;}\">\n\t\t\t\t\t\t<div class=\"elementor-container elementor-column-gap-no\">\n\t\t\t\t\t<div class=\"elementor-column elementor-col-50 elementor-top-column elementor-element elementor-element-5fab3cbc\" data-id=\"5fab3cbc\" data-element_type=\"column\" data-e-type=\"column\" data-settings=\"{&quot;background_background&quot;:&quot;classic&quot;}\">\n\t\t\t<div class=\"elementor-widget-wrap elementor-element-populated\">\n\t\t\t\t\t\t<div class=\"elementor-element elementor-element-542c3ff5 elementor-widget elementor-widget-text-editor\" data-id=\"542c3ff5\" data-element_type=\"widget\" data-e-type=\"widget\" data-widget_type=\"text-editor.default\">\n\t\t\t\t<div class=\"elementor-widget-container\">\n\t\t\t\t\t\t\t\t\t<p>Faz parte do desenvolvimento humano evoluir o sentimento indo do medo, da tristeza, da ira, para o amor, a compaix\u00e3o, o perd\u00e3o; expandir o pensamento l\u00f3gico para criativo e intuitivo; e, nas atitudes, n\u00e3o agir apenas por impulso ou desejo do pr\u00f3prio umbigo mas de acordo com o motivo pelo qual vivemos.<span style=\"color: var( --e-global-color-text ); font-size: inherit; letter-spacing: -0.015em; text-align: inherit;\"> \u00c9 esse motivo que traz motiva\u00e7\u00e3o, \u00e9&nbsp; o que conecta&nbsp; a ess\u00eancia e direciona rumo \u00e0s mais<br>genu\u00ednas&nbsp; escolhas, para seguir e transformar sonhos em realiza\u00e7\u00f5es. A motiva\u00e7\u00e3o traz sensa\u00e7\u00e3o de entusiasmo e liberdade, liberdade para ser quem&nbsp; somos de verdade.<br><br><\/span><\/p>\t\t\t\t\t\t\t\t<\/div>\n\t\t\t\t<\/div>\n\t\t\t\t\t<\/div>\n\t\t<\/div>\n\t\t\t\t<div class=\"elementor-column elementor-col-50 elementor-top-column elementor-element elementor-element-48afced3\" data-id=\"48afced3\" data-element_type=\"column\" data-e-type=\"column\" data-settings=\"{&quot;background_background&quot;:&quot;classic&quot;}\">\n\t\t\t<div class=\"elementor-widget-wrap elementor-element-populated\">\n\t\t\t\t\t\t<div class=\"elementor-element elementor-element-436b99d6 elementor-widget elementor-widget-image\" data-id=\"436b99d6\" data-element_type=\"widget\" data-e-type=\"widget\" data-widget_type=\"image.default\">\n\t\t\t\t<div class=\"elementor-widget-container\">\n\t\t\t\t\t\t\t\t\t\t\t\t\t\t\t<img decoding=\"async\" width=\"346\" height=\"345\" src=\"https:\/\/paulastal.com.br\/wp-content\/uploads\/2020\/10\/foto-Paula-Stal.jpg\" class=\"attachment-large size-large wp-image-10\" alt=\"\" srcset=\"https:\/\/paulastal.com.br\/wp-content\/uploads\/2020\/10\/foto-Paula-Stal.jpg 346w, https:\/\/paulastal.com.br\/wp-content\/uploads\/2020\/10\/foto-Paula-Stal-300x300.jpg 300w, https:\/\/paulastal.com.br\/wp-content\/uploads\/2020\/10\/foto-Paula-Stal-150x150.jpg 150w\" sizes=\"(max-width: 346px) 100vw, 346px\" \/>\t\t\t\t\t\t\t\t\t\t\t\t\t\t\t<\/div>\n\t\t\t\t<\/div>\n\t\t\t\t\t<\/div>\n\t\t<\/div>\n\t\t\t\t\t<\/div>\n\t\t<\/section>\n\t\t\t\t<section class=\"elementor-section elementor-top-section elementor-element elementor-element-47d54f21 elementor-section-boxed elementor-section-height-default elementor-section-height-default\" data-id=\"47d54f21\" data-element_type=\"section\" data-e-type=\"section\" data-settings=\"{&quot;background_background&quot;:&quot;classic&quot;}\">\n\t\t\t\t\t\t<div class=\"elementor-container elementor-column-gap-no\">\n\t\t\t\t\t<div class=\"elementor-column elementor-col-100 elementor-top-column elementor-element elementor-element-5cdb5b26\" data-id=\"5cdb5b26\" data-element_type=\"column\" data-e-type=\"column\">\n\t\t\t<div class=\"elementor-widget-wrap elementor-element-populated\">\n\t\t\t\t\t\t<div class=\"elementor-element elementor-element-e55c10a elementor-widget elementor-widget-image\" data-id=\"e55c10a\" data-element_type=\"widget\" data-e-type=\"widget\" data-widget_type=\"image.default\">\n\t\t\t\t<div class=\"elementor-widget-container\">\n\t\t\t\t\t\t\t\t\t\t\t\t\t\t\t<img decoding=\"async\" width=\"580\" height=\"69\" src=\"https:\/\/paulastal.com.br\/wp-content\/uploads\/2020\/10\/Site-Paula-Stal_03.jpg\" class=\"attachment-large size-large wp-image-11\" alt=\"\" srcset=\"https:\/\/paulastal.com.br\/wp-content\/uploads\/2020\/10\/Site-Paula-Stal_03.jpg 1024w, https:\/\/paulastal.com.br\/wp-content\/uploads\/2020\/10\/Site-Paula-Stal_03-300x36.jpg 300w, https:\/\/paulastal.com.br\/wp-content\/uploads\/2020\/10\/Site-Paula-Stal_03-768x92.jpg 768w\" sizes=\"(max-width: 580px) 100vw, 580px\" \/>\t\t\t\t\t\t\t\t\t\t\t\t\t\t\t<\/div>\n\t\t\t\t<\/div>\n\t\t\t\t\t<\/div>\n\t\t<\/div>\n\t\t\t\t\t<\/div>\n\t\t<\/section>\n\t\t\t\t<section class=\"elementor-section elementor-top-section elementor-element elementor-element-2ee0f56 elementor-section-height-min-height elementor-section-boxed elementor-section-height-default elementor-section-items-middle\" data-id=\"2ee0f56\" data-element_type=\"section\" data-e-type=\"section\" data-settings=\"{&quot;background_background&quot;:&quot;classic&quot;}\">\n\t\t\t\t\t\t<div class=\"elementor-container elementor-column-gap-default\">\n\t\t\t\t\t<div class=\"elementor-column elementor-col-25 elementor-top-column elementor-element elementor-element-6b3be97\" data-id=\"6b3be97\" data-element_type=\"column\" data-e-type=\"column\">\n\t\t\t<div class=\"elementor-widget-wrap elementor-element-populated\">\n\t\t\t\t\t\t<div class=\"elementor-element elementor-element-34aab34 elementor-widget elementor-widget-heading\" data-id=\"34aab34\" data-element_type=\"widget\" data-e-type=\"widget\" data-widget_type=\"heading.default\">\n\t\t\t\t<div class=\"elementor-widget-container\">\n\t\t\t\t\t<h2 class=\"elementor-heading-title elementor-size-default\"><a href=\"https:\/\/paulastal.com.br\/wp-content\/uploads\/2020\/10\/Paula.pdf\" target=\"_blank\">S\u00edndrome fibromi\u00e1lgica\ntratada com o m\u00e9todo\nRolfing\u00ae de integra\u00e7\u00e3o\nestrutura\u200b<\/a><\/h2>\t\t\t\t<\/div>\n\t\t\t\t<\/div>\n\t\t\t\t\t<\/div>\n\t\t<\/div>\n\t\t\t\t<div class=\"elementor-column elementor-col-25 elementor-top-column elementor-element elementor-element-746f119\" data-id=\"746f119\" data-element_type=\"column\" data-e-type=\"column\" data-settings=\"{&quot;background_background&quot;:&quot;classic&quot;}\">\n\t\t\t<div class=\"elementor-widget-wrap elementor-element-populated\">\n\t\t\t\t\t\t<div class=\"elementor-element elementor-element-957558b elementor-widget elementor-widget-heading\" data-id=\"957558b\" data-element_type=\"widget\" data-e-type=\"widget\" data-widget_type=\"heading.default\">\n\t\t\t\t<div class=\"elementor-widget-container\">\n\t\t\t\t\t<h2 class=\"elementor-heading-title elementor-size-default\"><a href=\"https:\/\/paulastal.com.br\/wp-content\/uploads\/2020\/10\/Paula_Ingles.pdf\" target=\"_blank\">Fibromyalgia\nsyndrome treated&nbsp;with the structuralintegration Rolfing\u00ae&nbsp;method*<\/a><\/h2>\t\t\t\t<\/div>\n\t\t\t\t<\/div>\n\t\t\t\t\t<\/div>\n\t\t<\/div>\n\t\t\t\t<div class=\"elementor-column elementor-col-25 elementor-top-column elementor-element elementor-element-68b28c9\" data-id=\"68b28c9\" data-element_type=\"column\" data-e-type=\"column\">\n\t\t\t<div class=\"elementor-widget-wrap elementor-element-populated\">\n\t\t\t\t\t\t<div class=\"elementor-element elementor-element-5a55ee0 elementor-widget elementor-widget-heading\" data-id=\"5a55ee0\" data-element_type=\"widget\" data-e-type=\"widget\" data-widget_type=\"heading.default\">\n\t\t\t\t<div class=\"elementor-widget-container\">\n\t\t\t\t\t<p class=\"elementor-heading-title elementor-size-default\"><a href=\"https:\/\/paulastal.com.br\/wp-content\/uploads\/2020\/10\/Paula2.pdf\" target=\"_blank\">Efeitos do m\u00e9todo Rolfing\u00ae\nde integra\u00e7\u00e3o estrutural e da\nacupuntura na fibromialgia<\/a><\/p>\t\t\t\t<\/div>\n\t\t\t\t<\/div>\n\t\t\t\t\t<\/div>\n\t\t<\/div>\n\t\t\t\t<div class=\"elementor-column elementor-col-25 elementor-top-column elementor-element elementor-element-9fcedd5\" data-id=\"9fcedd5\" data-element_type=\"column\" data-e-type=\"column\">\n\t\t\t<div class=\"elementor-widget-wrap elementor-element-populated\">\n\t\t\t\t\t\t<div class=\"elementor-element elementor-element-3301adc elementor-widget elementor-widget-heading\" data-id=\"3301adc\" data-element_type=\"widget\" data-e-type=\"widget\" data-widget_type=\"heading.default\">\n\t\t\t\t<div class=\"elementor-widget-container\">\n\t\t\t\t\t<p class=\"elementor-heading-title elementor-size-default\"><a href=\"https:\/\/paulastal.com.br\/wp-content\/uploads\/2020\/10\/Paula2_Ingles.pdf\" target=\"_blank\">Effects of structural\nintegration Rolfing\u00ae method and acupunctureon fibromyalgia*<\/a><\/p>\t\t\t\t<\/div>\n\t\t\t\t<\/div>\n\t\t\t\t\t<\/div>\n\t\t<\/div>\n\t\t\t\t\t<\/div>\n\t\t<\/section>\n\t\t\t\t<section class=\"elementor-section elementor-top-section elementor-element elementor-element-550a35df elementor-section-height-full elementor-section-boxed elementor-section-height-default elementor-section-items-middle\" data-id=\"550a35df\" data-element_type=\"section\" data-e-type=\"section\" data-settings=\"{&quot;background_background&quot;:&quot;classic&quot;}\">\n\t\t\t\t\t\t<div class=\"elementor-container elementor-column-gap-no\">\n\t\t\t\t\t<div class=\"elementor-column elementor-col-100 elementor-top-column elementor-element elementor-element-2dae4b4\" data-id=\"2dae4b4\" data-element_type=\"column\" data-e-type=\"column\">\n\t\t\t<div class=\"elementor-widget-wrap\">\n\t\t\t\t\t\t\t<\/div>\n\t\t<\/div>\n\t\t\t\t\t<\/div>\n\t\t<\/section>\n\t\t\t\t<section class=\"elementor-section elementor-top-section elementor-element elementor-element-6e02d53b elementor-section-boxed elementor-section-height-default elementor-section-height-default\" data-id=\"6e02d53b\" data-element_type=\"section\" data-e-type=\"section\" data-settings=\"{&quot;background_background&quot;:&quot;classic&quot;}\">\n\t\t\t\t\t\t<div class=\"elementor-container elementor-column-gap-no\">\n\t\t\t\t\t<div class=\"elementor-column elementor-col-50 elementor-top-column elementor-element elementor-element-2c83a405\" data-id=\"2c83a405\" data-element_type=\"column\" data-e-type=\"column\" data-settings=\"{&quot;background_background&quot;:&quot;classic&quot;}\">\n\t\t\t<div class=\"elementor-widget-wrap elementor-element-populated\">\n\t\t\t\t\t\t<div class=\"elementor-element elementor-element-3be9cac elementor-widget elementor-widget-image\" data-id=\"3be9cac\" data-element_type=\"widget\" data-e-type=\"widget\" data-widget_type=\"image.default\">\n\t\t\t\t<div class=\"elementor-widget-container\">\n\t\t\t\t\t\t\t\t\t\t\t\t\t\t\t<img loading=\"lazy\" decoding=\"async\" width=\"387\" height=\"59\" src=\"https:\/\/paulastal.com.br\/wp-content\/uploads\/2020\/10\/doutorado.png\" class=\"attachment-large size-large wp-image-34\" alt=\"\" srcset=\"https:\/\/paulastal.com.br\/wp-content\/uploads\/2020\/10\/doutorado.png 387w, https:\/\/paulastal.com.br\/wp-content\/uploads\/2020\/10\/doutorado-300x46.png 300w\" sizes=\"(max-width: 387px) 100vw, 387px\" \/>\t\t\t\t\t\t\t\t\t\t\t\t\t\t\t<\/div>\n\t\t\t\t<\/div>\n\t\t\t\t<div class=\"elementor-element elementor-element-592d0ee elementor-widget elementor-widget-text-editor\" data-id=\"592d0ee\" data-element_type=\"widget\" data-e-type=\"widget\" data-widget_type=\"text-editor.default\">\n\t\t\t\t<div class=\"elementor-widget-container\">\n\t\t\t\t\t\t\t\t\t<p><a href=\"https:\/\/teses.usp.br\/teses\/disponiveis\/5\/5138\/tde-09082013-121202\/publico\/PaulaStaldeCamposMaia.pdf\" target=\"_blank\" rel=\"noopener\">Fibromialgia &amp; Rolfing<\/a><br><a href=\"https:\/\/teses.usp.br\/teses\/disponiveis\/5\/5138\/tde-09082013-121202\/publico\/PaulaStaldeCamposMaia.pdf\"><span style=\"font-size: inherit; text-align: inherit; letter-spacing: -0.015em;\">com Acupuntura<\/span><\/a><\/p>\t\t\t\t\t\t\t\t<\/div>\n\t\t\t\t<\/div>\n\t\t\t\t\t<\/div>\n\t\t<\/div>\n\t\t\t\t<div class=\"elementor-column elementor-col-50 elementor-top-column elementor-element elementor-element-4a4e3a03\" data-id=\"4a4e3a03\" data-element_type=\"column\" data-e-type=\"column\" data-settings=\"{&quot;background_background&quot;:&quot;classic&quot;}\">\n\t\t\t<div class=\"elementor-widget-wrap elementor-element-populated\">\n\t\t\t\t\t\t<div class=\"elementor-element elementor-element-6eb9d558 elementor-widget elementor-widget-image\" data-id=\"6eb9d558\" data-element_type=\"widget\" data-e-type=\"widget\" data-widget_type=\"image.default\">\n\t\t\t\t<div class=\"elementor-widget-container\">\n\t\t\t\t\t\t\t\t\t\t\t\t\t\t\t<img loading=\"lazy\" decoding=\"async\" width=\"330\" height=\"59\" src=\"https:\/\/paulastal.com.br\/wp-content\/uploads\/2020\/10\/mestrado.png\" class=\"attachment-large size-large wp-image-35\" alt=\"\" srcset=\"https:\/\/paulastal.com.br\/wp-content\/uploads\/2020\/10\/mestrado.png 330w, https:\/\/paulastal.com.br\/wp-content\/uploads\/2020\/10\/mestrado-300x54.png 300w\" sizes=\"(max-width: 330px) 100vw, 330px\" \/>\t\t\t\t\t\t\t\t\t\t\t\t\t\t\t<\/div>\n\t\t\t\t<\/div>\n\t\t\t\t<div class=\"elementor-element elementor-element-d780b7b elementor-widget elementor-widget-text-editor\" data-id=\"d780b7b\" data-element_type=\"widget\" data-e-type=\"widget\" data-widget_type=\"text-editor.default\">\n\t\t\t\t<div class=\"elementor-widget-container\">\n\t\t\t\t\t\t\t\t\t<p><a href=\"https:\/\/teses.usp.br\/teses\/disponiveis\/5\/5138\/tde-10092009-100610\/publico\/paulascmaia.pdf\">Fibromialgia &amp; Rolfing<\/a><\/p>\t\t\t\t\t\t\t\t<\/div>\n\t\t\t\t<\/div>\n\t\t\t\t\t<\/div>\n\t\t<\/div>\n\t\t\t\t\t<\/div>\n\t\t<\/section>\n\t\t\t\t<section class=\"elementor-section elementor-top-section elementor-element elementor-element-4fd98208 elementor-section-boxed elementor-section-height-default elementor-section-height-default\" data-id=\"4fd98208\" data-element_type=\"section\" data-e-type=\"section\" data-settings=\"{&quot;background_background&quot;:&quot;classic&quot;}\">\n\t\t\t\t\t\t<div class=\"elementor-container elementor-column-gap-no\">\n\t\t\t\t\t<div class=\"elementor-column elementor-col-100 elementor-top-column elementor-element elementor-element-7fd372ce\" data-id=\"7fd372ce\" data-element_type=\"column\" data-e-type=\"column\">\n\t\t\t<div class=\"elementor-widget-wrap elementor-element-populated\">\n\t\t\t\t\t\t<div class=\"elementor-element elementor-element-717f989 elementor-widget elementor-widget-image\" data-id=\"717f989\" data-element_type=\"widget\" data-e-type=\"widget\" data-widget_type=\"image.default\">\n\t\t\t\t<div class=\"elementor-widget-container\">\n\t\t\t\t\t\t\t\t\t\t\t\t\t\t\t<img loading=\"lazy\" decoding=\"async\" width=\"580\" height=\"134\" src=\"https:\/\/paulastal.com.br\/wp-content\/uploads\/2020\/10\/Site-Paula-Stal_06.jpg\" class=\"attachment-large size-large wp-image-16\" alt=\"\" srcset=\"https:\/\/paulastal.com.br\/wp-content\/uploads\/2020\/10\/Site-Paula-Stal_06.jpg 1024w, https:\/\/paulastal.com.br\/wp-content\/uploads\/2020\/10\/Site-Paula-Stal_06-300x69.jpg 300w, https:\/\/paulastal.com.br\/wp-content\/uploads\/2020\/10\/Site-Paula-Stal_06-768x177.jpg 768w\" sizes=\"(max-width: 580px) 100vw, 580px\" \/>\t\t\t\t\t\t\t\t\t\t\t\t\t\t\t<\/div>\n\t\t\t\t<\/div>\n\t\t\t\t<div class=\"elementor-element elementor-element-133f3146 elementor-shape-rounded elementor-grid-0 e-grid-align-center elementor-widget elementor-widget-social-icons\" data-id=\"133f3146\" data-element_type=\"widget\" data-e-type=\"widget\" data-widget_type=\"social-icons.default\">\n\t\t\t\t<div class=\"elementor-widget-container\">\n\t\t\t\t\t\t\t<div class=\"elementor-social-icons-wrapper elementor-grid\" role=\"list\">\n\t\t\t\t\t\t\t<span class=\"elementor-grid-item\" role=\"listitem\">\n\t\t\t\t\t<a class=\"elementor-icon elementor-social-icon elementor-social-icon-instagram elementor-repeater-item-60a3de3\" href=\"https:\/\/www.instagram.com\/paula.stal\/?hl=pt-br\" target=\"_blank\">\n\t\t\t\t\t\t<span class=\"elementor-screen-only\">Instagram<\/span>\n\t\t\t\t\t\t<i aria-hidden=\"true\" class=\"fab fa-instagram\"><\/i>\t\t\t\t\t<\/a>\n\t\t\t\t<\/span>\n\t\t\t\t\t\t\t<span class=\"elementor-grid-item\" role=\"listitem\">\n\t\t\t\t\t<a class=\"elementor-icon elementor-social-icon elementor-social-icon-envelope elementor-repeater-item-9803edb\" href=\"mailto:paula@paulastal.com.br\" target=\"_blank\">\n\t\t\t\t\t\t<span class=\"elementor-screen-only\">Envelope<\/span>\n\t\t\t\t\t\t<i aria-hidden=\"true\" class=\"fas fa-envelope\"><\/i>\t\t\t\t\t<\/a>\n\t\t\t\t<\/span>\n\t\t\t\t\t<\/div>\n\t\t\t\t\t\t<\/div>\n\t\t\t\t<\/div>\n\t\t\t\t\t<\/div>\n\t\t<\/div>\n\t\t\t\t\t<\/div>\n\t\t<\/section>\n\t\t\t\t<\/div>\n\t\t","protected":false},"excerpt":{"rendered":"<p>Ol\u00e1! Sou Paula Stal, psic\u00f3loga, p\u00f3s-graduada em Neurologia pela Faculdade de Medicina da USP. Trabalho com a integra\u00e7\u00e3o da mente e do corpo porque acredito que muitas doen\u00e7as t\u00eam origem nas emo\u00e7\u00f5es e \u00e9 comum suas consequ\u00eancias aparecerem atrav\u00e9s de desequil\u00edbrios fisiol\u00f3gicos. Concordo com os princ\u00edpios da Medicina Homeop\u00e1tica que dizem que \u201cter sa\u00fade \u00e9 [&hellip;]<\/p>\n","protected":false},"author":1,"featured_media":0,"parent":0,"menu_order":0,"comment_status":"closed","ping_status":"closed","template":"elementor_canvas","meta":{"footnotes":""},"class_list":["post-5","page","type-page","status-publish","hentry"],"_links":{"self":[{"href":"https:\/\/paulastal.com.br\/index.php?rest_route=\/wp\/v2\/pages\/5","targetHints":{"allow":["GET"]}}],"collection":[{"href":"https:\/\/paulastal.com.br\/index.php?rest_route=\/wp\/v2\/pages"}],"about":[{"href":"https:\/\/paulastal.com.br\/index.php?rest_route=\/wp\/v2\/types\/page"}],"author":[{"embeddable":true,"href":"https:\/\/paulastal.com.br\/index.php?rest_route=\/wp\/v2\/users\/1"}],"replies":[{"embeddable":true,"href":"https:\/\/paulastal.com.br\/index.php?rest_route=%2Fwp%2Fv2%2Fcomments&post=5"}],"version-history":[{"count":28,"href":"https:\/\/paulastal.com.br\/index.php?rest_route=\/wp\/v2\/pages\/5\/revisions"}],"predecessor-version":[{"id":77,"href":"https:\/\/paulastal.com.br\/index.php?rest_route=\/wp\/v2\/pages\/5\/revisions\/77"}],"wp:attachment":[{"href":"https:\/\/paulastal.com.br\/index.php?rest_route=%2Fwp%2Fv2%2Fmedia&parent=5"}],"curies":[{"name":"wp","href":"https:\/\/api.w.org\/{rel}","templated":true}]}}